{"id":638,"date":"2020-10-02T12:26:23","date_gmt":"2020-10-02T12:26:23","guid":{"rendered":"https:\/\/seksissach.ch\/v4\/?page_id=638"},"modified":"2025-08-12T10:50:53","modified_gmt":"2025-08-12T08:50:53","slug":"paedagogischer-ict-support","status":"publish","type":"page","link":"https:\/\/seksissach.ch\/v4\/paedagogischer-ict-support\/","title":{"rendered":"P\u00e4dagogischer ICT Support"},"content":{"rendered":"\n<p>Der P\u00e4dagogische ICT Support (PICTS) unterst\u00fctzt Lehrpersonen und Schulleitung in den Bereichen:<\/p>\n\n\n\n<ul class=\"wp-block-list\">\n<li>Medien<\/li>\n\n\n\n<li>Informatik<\/li>\n\n\n\n<li>Anwendungen<\/li>\n<\/ul>\n\n\n\n<p>Im Gegensatz zum technischen ICT Support besch\u00e4ftigt sich der P\u00e4dagogische ICT Support mit Fragen rund um die digitale Transformation und der Integration von digitalen Medien im Unterricht.<\/p>\n\n\n\n<p>Lehrpersonen der Schule finden auf dem internen <a href=\"https:\/\/teams.microsoft.com\/l\/channel\/19%3Ade09d65b173d4846a2164a3baa62f452%40thread.skype\/PICTS?groupId=55a8f812-330d-4910-8ba3-0227ab5854a9&amp;tenantId=cb53524c-f462-457c-8765-b2e3c4e4b8f9\">PICTS-Kanal<\/a> weitere Informationen und Aktuelles aus der Welt der digitalen Transformation.<\/p>\n\n\n\n<p><strong>PICTS-Kernteam:<\/strong> Peter Mandak, Sarah Kyburz, Marcel Schoch &amp; Marc Suhr<\/p>\n\n\n\n<p><\/p>\n\n\n\n<p><\/p>\n","protected":false},"excerpt":{"rendered":"<p>Der P\u00e4dagogische ICT Support (PICTS) unterst\u00fctzt Lehrpersonen und Schulleitung in den Bereichen: Im Gegensatz zum technischen ICT Support besch\u00e4ftigt sich der P\u00e4dagogische ICT Support mit Fragen rund um die digitale Transformation und der Integration von digitalen Medien im Unterricht. Lehrpersonen der Schule finden auf dem internen PICTS-Kanal weitere Informationen und Aktuelles aus der Welt der &hellip; <\/p>\n<p class=\"link-more\"><a href=\"https:\/\/seksissach.ch\/v4\/paedagogischer-ict-support\/\" class=\"more-link\"><span class=\"screen-reader-text\">\u201eP\u00e4dagogischer ICT Support\u201c <\/span>weiterlesen<\/a><\/p>\n","protected":false},"author":2,"featured_media":651,"parent":0,"menu_order":0,"comment_status":"closed","ping_status":"closed","template":"","meta":{"pagelayer_contact_templates":[],"_pagelayer_content":"","footnotes":""},"class_list":["post-638","page","type-page","status-publish","has-post-thumbnail","hentry"],"_links":{"self":[{"href":"https:\/\/seksissach.ch\/v4\/wp-json\/wp\/v2\/pages\/638","targetHints":{"allow":["GET"]}}],"collection":[{"href":"https:\/\/seksissach.ch\/v4\/wp-json\/wp\/v2\/pages"}],"about":[{"href":"https:\/\/seksissach.ch\/v4\/wp-json\/wp\/v2\/types\/page"}],"author":[{"embeddable":true,"href":"https:\/\/seksissach.ch\/v4\/wp-json\/wp\/v2\/users\/2"}],"replies":[{"embeddable":true,"href":"https:\/\/seksissach.ch\/v4\/wp-json\/wp\/v2\/comments?post=638"}],"version-history":[{"count":6,"href":"https:\/\/seksissach.ch\/v4\/wp-json\/wp\/v2\/pages\/638\/revisions"}],"predecessor-version":[{"id":2477,"href":"https:\/\/seksissach.ch\/v4\/wp-json\/wp\/v2\/pages\/638\/revisions\/2477"}],"wp:featuredmedia":[{"embeddable":true,"href":"https:\/\/seksissach.ch\/v4\/wp-json\/wp\/v2\/media\/651"}],"wp:attachment":[{"href":"https:\/\/seksissach.ch\/v4\/wp-json\/wp\/v2\/media?parent=638"}],"curies":[{"name":"wp","href":"https:\/\/api.w.org\/{rel}","templated":true}]}}