{"id":594,"date":"2020-09-30T14:43:25","date_gmt":"2020-09-30T14:43:25","guid":{"rendered":"https:\/\/seksissach.ch\/v4\/?page_id=594"},"modified":"2025-08-12T09:40:14","modified_gmt":"2025-08-12T07:40:14","slug":"lesezentrum","status":"publish","type":"page","link":"https:\/\/seksissach.ch\/v4\/lesezentrum\/","title":{"rendered":"Lesezentrum"},"content":{"rendered":"\n<p><strong>Herzlich Willkommen!<\/strong><\/p>\n\n\n\n<p>Hier im Lesezentrum k\u00f6nnt ihr lesen, schm\u00f6kern, recherchieren oder einfach nur Zeit verbringen. Mit Rat und Tat werde ich euch bei der Suche nach dem richtigen Buch oder einer Recherche zur Seite stehen und euch \u2013 wann immer m\u00f6glich \u2013 B\u00fccher- und andere Medienw\u00fcnsche erf\u00fcllen. Im Lesezentrum findet auch der&nbsp;<a href=\"https:\/\/seksissach.ch\/v4\/lernraum\/\" data-type=\"page\" data-id=\"355\">Lernraum<\/a>&nbsp;statt. Kommt vorbei, wenn ihr Hilfe braucht oder den Platz, die Computer und den Drucker f\u00fcr Gruppen- und Projektarbeiten nutzen wollt.<\/p>\n\n\n\n<p>Veranstaltungen geh\u00f6ren selbstverst\u00e4ndlich auch dazu \u00ad\u2013 lasst euch \u00fcberraschen! Und nicht vergessen: Das Lesezentrum ist euer Ort. Gestaltet ihn mit, macht Vorschl\u00e4ge und stellt mit mir Projekte auf die Beine. Ich freu mich auf eure Ideen.<\/p>\n\n\n\n<p>Anna Schaub<br>Lesezentrum<br>Sekundarschule Sissach<br>Zunzgerstrasse 54-68<br>4450 Sissach<br>061 552 03 93<br><a href=\"mailto:anna.schaub@sbl.ch\">anna.schaub@sbl.ch<\/a><\/p>\n\n\n\n<p><strong>Lesezentrum online:<\/strong><br>Instagram: <a href=\"https:\/\/www.instagram.com\/lz_tannenbrunn\/\">#LZ_Tannenbrunn<\/a> | <a href=\"https:\/\/tannenbrunn.webopac.ch\/\">Onlinekatalog<\/a> | <a href=\"https:\/\/seksissach.ch\/lz_blog\/\">Blog<\/a><\/p>\n\n\n\n<figure class=\"wp-block-table\"><table><tbody><tr><td>&nbsp;<\/td><td>\u00d6ffnungszeiten<\/td><\/tr><tr><td>Montag:<\/td><td>10.00-17.00<\/td><\/tr><tr><td>Dienstag:<\/td><td>10.00-17.00<\/td><\/tr><tr><td>Mittwoch:<\/td><td>10.00-17.00<\/td><\/tr><tr><td>Donnerstag:<\/td><td>10.00-17.00<\/td><\/tr><tr><td>Freitag:<\/td><td>10.00-17.00<\/td><\/tr><\/tbody><\/table><\/figure>\n\n\n\n<p>Informationen zum Lernraum (Coaches&amp;Zeiten) findest du <a href=\"https:\/\/seksissach.ch\/v4\/lernraum-2\/\" data-type=\"link\" data-id=\"https:\/\/seksissach.ch\/v4\/lernraum-2\/\">hier<\/a>.<\/p>\n\n\n\n<figure class=\"wp-block-image size-large\"><img loading=\"lazy\" decoding=\"async\" width=\"1024\" height=\"683\" src=\"https:\/\/seksissach.ch\/v4\/wp-content\/uploads\/2020\/10\/lesezentrum1-1024x683.jpeg\" alt=\"\" class=\"wp-image-689\" srcset=\"https:\/\/seksissach.ch\/v4\/wp-content\/uploads\/2020\/10\/lesezentrum1-1024x683.jpeg 1024w, https:\/\/seksissach.ch\/v4\/wp-content\/uploads\/2020\/10\/lesezentrum1-300x200.jpeg 300w, https:\/\/seksissach.ch\/v4\/wp-content\/uploads\/2020\/10\/lesezentrum1-768x512.jpeg 768w, https:\/\/seksissach.ch\/v4\/wp-content\/uploads\/2020\/10\/lesezentrum1-1536x1024.jpeg 1536w, https:\/\/seksissach.ch\/v4\/wp-content\/uploads\/2020\/10\/lesezentrum1-2048x1365.jpeg 2048w\" sizes=\"auto, (max-width: 767px) 89vw, (max-width: 1000px) 54vw, (max-width: 1071px) 543px, 580px\" \/><figcaption class=\"wp-element-caption\">Ein heller Ort, wo es viel zu entdecken gibt&#8230;<\/figcaption><\/figure>\n\n\n\n<figure class=\"wp-block-image size-large\"><img loading=\"lazy\" decoding=\"async\" width=\"1024\" height=\"683\" src=\"https:\/\/seksissach.ch\/v4\/wp-content\/uploads\/2020\/10\/lesezentrum2-1024x683.jpeg\" alt=\"\" class=\"wp-image-690\" srcset=\"https:\/\/seksissach.ch\/v4\/wp-content\/uploads\/2020\/10\/lesezentrum2-1024x683.jpeg 1024w, https:\/\/seksissach.ch\/v4\/wp-content\/uploads\/2020\/10\/lesezentrum2-300x200.jpeg 300w, https:\/\/seksissach.ch\/v4\/wp-content\/uploads\/2020\/10\/lesezentrum2-768x512.jpeg 768w, https:\/\/seksissach.ch\/v4\/wp-content\/uploads\/2020\/10\/lesezentrum2-1536x1024.jpeg 1536w, https:\/\/seksissach.ch\/v4\/wp-content\/uploads\/2020\/10\/lesezentrum2-2048x1365.jpeg 2048w\" sizes=\"auto, (max-width: 767px) 89vw, (max-width: 1000px) 54vw, (max-width: 1071px) 543px, 580px\" \/><figcaption class=\"wp-element-caption\">&#8230; oder wo man auch arbeiten kann.<\/figcaption><\/figure>\n\n\n\n<p class=\"has-small-font-size\">Fotos: J. Sames<br>Titelbild: Julia Schoch &amp; Melanie Buser<\/p>\n","protected":false},"excerpt":{"rendered":"<p>Herzlich Willkommen! Hier im Lesezentrum k\u00f6nnt ihr lesen, schm\u00f6kern, recherchieren oder einfach nur Zeit verbringen. Mit Rat und Tat werde ich euch bei der Suche nach dem richtigen Buch oder einer Recherche zur Seite stehen und euch \u2013 wann immer m\u00f6glich \u2013 B\u00fccher- und andere Medienw\u00fcnsche erf\u00fcllen. Im Lesezentrum findet auch der&nbsp;Lernraum&nbsp;statt. Kommt vorbei, wenn &hellip; <\/p>\n<p class=\"link-more\"><a href=\"https:\/\/seksissach.ch\/v4\/lesezentrum\/\" class=\"more-link\"><span class=\"screen-reader-text\">\u201eLesezentrum\u201c <\/span>weiterlesen<\/a><\/p>\n","protected":false},"author":2,"featured_media":891,"parent":0,"menu_order":0,"comment_status":"closed","ping_status":"closed","template":"","meta":{"pagelayer_contact_templates":[],"_pagelayer_content":"","footnotes":""},"class_list":["post-594","page","type-page","status-publish","has-post-thumbnail","hentry"],"_links":{"self":[{"href":"https:\/\/seksissach.ch\/v4\/wp-json\/wp\/v2\/pages\/594","targetHints":{"allow":["GET"]}}],"collection":[{"href":"https:\/\/seksissach.ch\/v4\/wp-json\/wp\/v2\/pages"}],"about":[{"href":"https:\/\/seksissach.ch\/v4\/wp-json\/wp\/v2\/types\/page"}],"author":[{"embeddable":true,"href":"https:\/\/seksissach.ch\/v4\/wp-json\/wp\/v2\/users\/2"}],"replies":[{"embeddable":true,"href":"https:\/\/seksissach.ch\/v4\/wp-json\/wp\/v2\/comments?post=594"}],"version-history":[{"count":15,"href":"https:\/\/seksissach.ch\/v4\/wp-json\/wp\/v2\/pages\/594\/revisions"}],"predecessor-version":[{"id":2466,"href":"https:\/\/seksissach.ch\/v4\/wp-json\/wp\/v2\/pages\/594\/revisions\/2466"}],"wp:featuredmedia":[{"embeddable":true,"href":"https:\/\/seksissach.ch\/v4\/wp-json\/wp\/v2\/media\/891"}],"wp:attachment":[{"href":"https:\/\/seksissach.ch\/v4\/wp-json\/wp\/v2\/media?parent=594"}],"curies":[{"name":"wp","href":"https:\/\/api.w.org\/{rel}","templated":true}]}}