{"id":58,"date":"2020-04-29T09:29:35","date_gmt":"2020-04-29T09:29:35","guid":{"rendered":"https:\/\/seksissach.ch\/v4\/?page_id=58"},"modified":"2025-08-26T14:09:12","modified_gmt":"2025-08-26T12:09:12","slug":"schule-von-a-z","status":"publish","type":"page","link":"https:\/\/seksissach.ch\/v4\/schule-von-a-z\/","title":{"rendered":"Infobrosch\u00fcre Sek Sissach &#8211; SJ 25\/26"},"content":{"rendered":"\n<p>J\u00e4hrlich erscheint eine neue Infobrosch\u00fcre f\u00fcr die Sekundarschule Sissach mit den  wichtigsten Informationen rund um die Sekundarschule und deren Betrieb.<\/p>\n\n\n\n<div class=\"wp-block-file\"><a id=\"wp-block-file--media-a0c3184a-f96c-4f82-a2a7-14df416b62bf\" href=\"https:\/\/seksissach.ch\/v4\/wp-content\/uploads\/2025\/08\/Infobroschuere_-2526.pdf\">Infobrosch\u00fcre_ 2526<\/a><a href=\"https:\/\/seksissach.ch\/v4\/wp-content\/uploads\/2025\/08\/Infobroschuere_-2526.pdf\" class=\"wp-block-file__button wp-element-button\" download aria-describedby=\"wp-block-file--media-a0c3184a-f96c-4f82-a2a7-14df416b62bf\">Herunterladen<\/a><\/div>\n\n\n\n<p style=\"font-size:9px\">Titelbild: pixabay.com<\/p>\n\n\n\n<p><\/p>\n","protected":false},"excerpt":{"rendered":"<p>J\u00e4hrlich erscheint eine neue Infobrosch\u00fcre f\u00fcr die Sekundarschule Sissach mit den wichtigsten Informationen rund um die Sekundarschule und deren Betrieb. Titelbild: pixabay.com<\/p>\n","protected":false},"author":2,"featured_media":78,"parent":0,"menu_order":0,"comment_status":"closed","ping_status":"closed","template":"","meta":{"pagelayer_contact_templates":[],"_pagelayer_content":"","footnotes":""},"class_list":["post-58","page","type-page","status-publish","has-post-thumbnail","hentry"],"_links":{"self":[{"href":"https:\/\/seksissach.ch\/v4\/wp-json\/wp\/v2\/pages\/58","targetHints":{"allow":["GET"]}}],"collection":[{"href":"https:\/\/seksissach.ch\/v4\/wp-json\/wp\/v2\/pages"}],"about":[{"href":"https:\/\/seksissach.ch\/v4\/wp-json\/wp\/v2\/types\/page"}],"author":[{"embeddable":true,"href":"https:\/\/seksissach.ch\/v4\/wp-json\/wp\/v2\/users\/2"}],"replies":[{"embeddable":true,"href":"https:\/\/seksissach.ch\/v4\/wp-json\/wp\/v2\/comments?post=58"}],"version-history":[{"count":15,"href":"https:\/\/seksissach.ch\/v4\/wp-json\/wp\/v2\/pages\/58\/revisions"}],"predecessor-version":[{"id":2494,"href":"https:\/\/seksissach.ch\/v4\/wp-json\/wp\/v2\/pages\/58\/revisions\/2494"}],"wp:featuredmedia":[{"embeddable":true,"href":"https:\/\/seksissach.ch\/v4\/wp-json\/wp\/v2\/media\/78"}],"wp:attachment":[{"href":"https:\/\/seksissach.ch\/v4\/wp-json\/wp\/v2\/media?parent=58"}],"curies":[{"name":"wp","href":"https:\/\/api.w.org\/{rel}","templated":true}]}}