{"id":2500,"date":"2025-09-02T08:05:40","date_gmt":"2025-09-02T06:05:40","guid":{"rendered":"https:\/\/seksissach.ch\/v4\/?page_id=2500"},"modified":"2025-09-02T08:36:46","modified_gmt":"2025-09-02T06:36:46","slug":"sportatelier","status":"publish","type":"page","link":"https:\/\/seksissach.ch\/v4\/sportatelier\/","title":{"rendered":"Sportatelier"},"content":{"rendered":"\n<p>Das Sportatelier bietet dir freies Sporttreiben in unseren Turnhallen und bei sch\u00f6nem Wetter auch draussen. Wir helfen dir auch gerne bei der Vorbereitung auf deine Sportpr\u00fcfungen. Eine Anmeldung ist nicht n\u00f6tig. Komm einfach vorbei, wann immer du m\u00f6chtest.<\/p>\n\n\n\n<p>Leitung: Denise Oppliger und Tanja Hasler<\/p>\n\n\n\n<figure class=\"wp-block-image size-large\"><img loading=\"lazy\" decoding=\"async\" width=\"724\" height=\"1024\" src=\"https:\/\/seksissach.ch\/v4\/wp-content\/uploads\/2025\/09\/Sportatelier_Flyer_2.0-724x1024.jpg\" alt=\"\" class=\"wp-image-2507\" srcset=\"https:\/\/seksissach.ch\/v4\/wp-content\/uploads\/2025\/09\/Sportatelier_Flyer_2.0-724x1024.jpg 724w, https:\/\/seksissach.ch\/v4\/wp-content\/uploads\/2025\/09\/Sportatelier_Flyer_2.0-212x300.jpg 212w, https:\/\/seksissach.ch\/v4\/wp-content\/uploads\/2025\/09\/Sportatelier_Flyer_2.0-768x1086.jpg 768w, https:\/\/seksissach.ch\/v4\/wp-content\/uploads\/2025\/09\/Sportatelier_Flyer_2.0-1086x1536.jpg 1086w, https:\/\/seksissach.ch\/v4\/wp-content\/uploads\/2025\/09\/Sportatelier_Flyer_2.0-1448x2048.jpg 1448w, https:\/\/seksissach.ch\/v4\/wp-content\/uploads\/2025\/09\/Sportatelier_Flyer_2.0-scaled.jpg 1810w\" sizes=\"auto, (max-width: 724px) 100vw, 724px\" \/><\/figure>\n\n\n\n<div class=\"wp-block-file\"><a id=\"wp-block-file--media-8297d412-0298-4dcb-8c9f-af4b1cc5f0af\" href=\"https:\/\/seksissach.ch\/v4\/wp-content\/uploads\/2025\/09\/Sportatelier_Flyer_2.0.pdf\">Flyer zum Sportatelier als PDF<br><\/a><\/div>\n\n\n\n<p class=\"has-small-font-size\">Quelle Beitragsbild: <a href=\"https:\/\/www.pexels.com\/de-de\/foto\/mann-sport-fitness-athlet-6572618\/\">https:\/\/www.pexels.com\/de-de\/foto\/mann-sport-fitness-athlet-6572618\/<\/a><\/p>\n","protected":false},"excerpt":{"rendered":"<p>Das Sportatelier bietet dir freies Sporttreiben in unseren Turnhallen und bei sch\u00f6nem Wetter auch draussen. Wir helfen dir auch gerne bei der Vorbereitung auf deine Sportpr\u00fcfungen. Eine Anmeldung ist nicht n\u00f6tig. Komm einfach vorbei, wann immer du m\u00f6chtest. Leitung: Denise Oppliger und Tanja Hasler Quelle Beitragsbild: https:\/\/www.pexels.com\/de-de\/foto\/mann-sport-fitness-athlet-6572618\/<\/p>\n","protected":false},"author":2,"featured_media":2512,"parent":0,"menu_order":0,"comment_status":"closed","ping_status":"closed","template":"","meta":{"pagelayer_contact_templates":[],"_pagelayer_content":"","footnotes":""},"class_list":["post-2500","page","type-page","status-publish","has-post-thumbnail","hentry"],"_links":{"self":[{"href":"https:\/\/seksissach.ch\/v4\/wp-json\/wp\/v2\/pages\/2500","targetHints":{"allow":["GET"]}}],"collection":[{"href":"https:\/\/seksissach.ch\/v4\/wp-json\/wp\/v2\/pages"}],"about":[{"href":"https:\/\/seksissach.ch\/v4\/wp-json\/wp\/v2\/types\/page"}],"author":[{"embeddable":true,"href":"https:\/\/seksissach.ch\/v4\/wp-json\/wp\/v2\/users\/2"}],"replies":[{"embeddable":true,"href":"https:\/\/seksissach.ch\/v4\/wp-json\/wp\/v2\/comments?post=2500"}],"version-history":[{"count":5,"href":"https:\/\/seksissach.ch\/v4\/wp-json\/wp\/v2\/pages\/2500\/revisions"}],"predecessor-version":[{"id":2513,"href":"https:\/\/seksissach.ch\/v4\/wp-json\/wp\/v2\/pages\/2500\/revisions\/2513"}],"wp:featuredmedia":[{"embeddable":true,"href":"https:\/\/seksissach.ch\/v4\/wp-json\/wp\/v2\/media\/2512"}],"wp:attachment":[{"href":"https:\/\/seksissach.ch\/v4\/wp-json\/wp\/v2\/media?parent=2500"}],"curies":[{"name":"wp","href":"https:\/\/api.w.org\/{rel}","templated":true}]}}