{"id":240,"date":"2020-09-15T06:42:59","date_gmt":"2020-09-15T06:42:59","guid":{"rendered":"https:\/\/seksissach.ch\/v4\/?page_id=240"},"modified":"2024-04-16T16:05:41","modified_gmt":"2024-04-16T14:05:41","slug":"berufliche-orientierung-bo","status":"publish","type":"page","link":"https:\/\/seksissach.ch\/v4\/berufliche-orientierung-bo\/","title":{"rendered":"Berufliche Orientierung (BO)"},"content":{"rendered":"\n<p>Die Berufliche Orientierung ist ein zentrales Thema auf der Sekundarstufe I. Die Jugendlichen bereiten sich schulisch auf den \u00dcbergang in eine nachobligatorische Ausbildung vor und erarbeiten die Voraussetzungen f\u00fcr die Wahl ihres zuk\u00fcnftigen Bildungs- und Berufszieles. Die Berufliche Orientierung erm\u00f6glicht den Sch\u00fclerinnen und Sch\u00fclern eine generelle und langfristige Laufbahnorientierung, welche durch Elemente aus den F\u00e4chern Berufliche Orientierung, Deutsch und Hauswirtschaft, Gef\u00e4ssen wie beispielsweise dem Zukunftstag oder den Angeboten des BIZ (Berufs-, Studien- und Laufbahnberatung) erg\u00e4nzt wird.<\/p>\n\n\n\n<p>Laufbahnverantwortlicher: Sandra Meyer<\/p>\n\n\n\n<p style=\"font-size:9px\">Titelbild: pixabay.com<br><\/p>\n","protected":false},"excerpt":{"rendered":"<p>Die Berufliche Orientierung ist ein zentrales Thema auf der Sekundarstufe I. Die Jugendlichen bereiten sich schulisch auf den \u00dcbergang in eine nachobligatorische Ausbildung vor und erarbeiten die Voraussetzungen f\u00fcr die Wahl ihres zuk\u00fcnftigen Bildungs- und Berufszieles. Die Berufliche Orientierung erm\u00f6glicht den Sch\u00fclerinnen und Sch\u00fclern eine generelle und langfristige Laufbahnorientierung, welche durch Elemente aus den F\u00e4chern &hellip; <\/p>\n<p class=\"link-more\"><a href=\"https:\/\/seksissach.ch\/v4\/berufliche-orientierung-bo\/\" class=\"more-link\"><span class=\"screen-reader-text\">\u201eBerufliche Orientierung (BO)\u201c <\/span>weiterlesen<\/a><\/p>\n","protected":false},"author":2,"featured_media":401,"parent":0,"menu_order":0,"comment_status":"closed","ping_status":"closed","template":"","meta":{"pagelayer_contact_templates":[],"_pagelayer_content":"","footnotes":""},"class_list":["post-240","page","type-page","status-publish","has-post-thumbnail","hentry"],"_links":{"self":[{"href":"https:\/\/seksissach.ch\/v4\/wp-json\/wp\/v2\/pages\/240","targetHints":{"allow":["GET"]}}],"collection":[{"href":"https:\/\/seksissach.ch\/v4\/wp-json\/wp\/v2\/pages"}],"about":[{"href":"https:\/\/seksissach.ch\/v4\/wp-json\/wp\/v2\/types\/page"}],"author":[{"embeddable":true,"href":"https:\/\/seksissach.ch\/v4\/wp-json\/wp\/v2\/users\/2"}],"replies":[{"embeddable":true,"href":"https:\/\/seksissach.ch\/v4\/wp-json\/wp\/v2\/comments?post=240"}],"version-history":[{"count":7,"href":"https:\/\/seksissach.ch\/v4\/wp-json\/wp\/v2\/pages\/240\/revisions"}],"predecessor-version":[{"id":2198,"href":"https:\/\/seksissach.ch\/v4\/wp-json\/wp\/v2\/pages\/240\/revisions\/2198"}],"wp:featuredmedia":[{"embeddable":true,"href":"https:\/\/seksissach.ch\/v4\/wp-json\/wp\/v2\/media\/401"}],"wp:attachment":[{"href":"https:\/\/seksissach.ch\/v4\/wp-json\/wp\/v2\/media?parent=240"}],"curies":[{"name":"wp","href":"https:\/\/api.w.org\/{rel}","templated":true}]}}