{"id":220,"date":"2020-09-10T14:16:59","date_gmt":"2020-09-10T14:16:59","guid":{"rendered":"https:\/\/seksissach.ch\/v4\/?page_id=220"},"modified":"2025-01-07T11:54:21","modified_gmt":"2025-01-07T10:54:21","slug":"der-schulrat","status":"publish","type":"page","link":"https:\/\/seksissach.ch\/v4\/der-schulrat\/","title":{"rendered":"Der Schulrat"},"content":{"rendered":"\n<p><strong>Aufgabe des Schulrates:<\/strong><\/p>\n\n\n\n<p>Mit dem laufenden Schuljahr \u00e4ndern die Aufgaben des Schulrats. Insbesondere ist der Schulrat nicht mehr Anstellungsbeh\u00f6rde der Lehrpersonen und der Schulleitung. Diese Aufgabe wird neu von der Schulleitung bzw. vom Amt f\u00fcr Volksschulen wahrgenommen.<\/p>\n\n\n\n<p>Der Schulrat wirkt bei der Erarbeitung des Schulprogrammes mit und genehmigt dieses unter Einhaltung der Vorgaben des Bundes und des Kantons. Zudem hat der Schulrat ein Mitspracherecht bei der Qualit\u00e4tssicherung der Schule und bei deren Umsetzung.<\/p>\n\n\n\n<p>Der Schulrat ist ebenfalls Beschwerdeinstanz bei Entscheiden der Schulleitung in sch\u00fclerinnen- und sch\u00fclerbezogenen Angelegenheiten, ausser bei Schulausschl\u00fcssen.<br>Beschwerdeinstanz bei Schulausschl\u00fcssen ist der Regierungsrat BL.<\/p>\n\n\n\n<p>Eine wichtige Rolle kann der Schulrat als Vermittler bei Problemen zwischen allen Schulbeteiligten wahrnehmen. Er kann von den Erziehungsberechtigten angerufen werden, wenn Probleme trotz Gespr\u00e4chen mit Lehrpersonen und dem Einbezug der Schulleitung nicht befriedigend gel\u00f6st werden k\u00f6nnen.<\/p>\n\n\n\n\n\n<div class=\"wp-block-group\"><div class=\"wp-block-group__inner-container is-layout-constrained wp-block-group-is-layout-constrained\">\n<p><strong>Postadresse:  Schulrat Sekundarschule Sissach, Zunzgerstrasse 54, 4450 Sissach<\/strong><\/p>\n<\/div><\/div>\n\n\n\n\n\n<p><\/p>\n\n\n\n<p><strong>Der Schulrat der Sekundarschule Sissach setzt sich wie folgt zusammen:<\/strong><\/p>\n\n\n\n<div class=\"wp-block-columns is-layout-flex wp-container-core-columns-is-layout-9d6595d7 wp-block-columns-is-layout-flex\">\n<div class=\"wp-block-column is-vertically-aligned-top is-layout-flow wp-block-column-is-layout-flow\" style=\"flex-basis:100%\">\n<ul class=\"wp-block-list\">\n<li><strong>Pr\u00e4sidium:<\/strong> Anita Crain, Sissach <a href=\"mailto:anita.crain@sbl.ch\">anita.crain@sbl.ch<\/a><\/li>\n\n\n\n<li><strong>Vizepr\u00e4sidium:<\/strong> Christoph Glaser, Zunzgen <a href=\"mailto:christoph.glaser@sbl.ch\">christoph.glaser@sbl.ch<\/a><\/li>\n\n\n\n<li><strong>Aktuariat: <\/strong> Norbert Gemperle, Sissach <a href=\"mailto:norbert.gemperle@sbl.ch\">norbert.gemperle@sbl.ch<\/a><\/li>\n\n\n\n<li><strong>Mitglieder: <\/strong> \n<ul class=\"wp-block-list\">\n<li>Adrian Ammann, K\u00e4nerkinden <a href=\"mailto:adrian.ammann@sbl.ch\">adrian.ammann@sbl.ch<\/a><\/li>\n\n\n\n<li>Niklaus H\u00e4felfinger, Diegten <a href=\"mailto:niklaus.haefelfinger@sbl.ch\">niklaus.haefelfinger@sbl.ch<\/a><\/li>\n\n\n\n<li>D\u00e9bora Vock, Itingen <a href=\"mailto:debora.vock@sbl.ch\">debora.vock@sbl.ch<\/a><\/li>\n\n\n\n<li>Marco G\u00fcrber, L\u00e4ufelfingen <a href=\"mailto:marco.guerber@sbl.ch\">marco.guerber@sbl.ch<\/a><\/li>\n\n\n\n<li>Martin Fux, Sissach <a href=\"mailto:martin.fux@sbl.ch\">martin.fux@sbl.ch<\/a><\/li>\n\n\n\n<li>Andrea Waldmeier, Th\u00fcrnen <a href=\"mailto:andrea.waldmeier@sbl.ch\">andrea.waldmeier@sbl.ch<\/a><\/li>\n\n\n\n<li>Andrea Mumenthaler, Zunzgen <a href=\"mailto:andrea.mumenthaler@sbl.ch\">andrea.mumenthaler@sbl.ch<\/a><\/li>\n\n\n\n<li>Susanne Gysin L\u00fcdi, Sissach  <a href=\"mailto:susanne.gysinluedi@sbl.ch\">susanne.gysinluedi@sbl.ch<\/a><\/li>\n<\/ul>\n<\/li>\n<\/ul>\n\n\n\n<p><\/p>\n\n\n\n<p><\/p>\n<\/div>\n<\/div>\n\n\n\n<p><\/p>\n\n\n\n<p><\/p>\n\n\n","protected":false},"excerpt":{"rendered":"<p>Aufgabe des Schulrates: Mit dem laufenden Schuljahr \u00e4ndern die Aufgaben des Schulrats. Insbesondere ist der Schulrat nicht mehr Anstellungsbeh\u00f6rde der Lehrpersonen und der Schulleitung. Diese Aufgabe wird neu von der Schulleitung bzw. vom Amt f\u00fcr Volksschulen wahrgenommen. Der Schulrat wirkt bei der Erarbeitung des Schulprogrammes mit und genehmigt dieses unter Einhaltung der Vorgaben des Bundes &hellip; <\/p>\n<p class=\"link-more\"><a href=\"https:\/\/seksissach.ch\/v4\/der-schulrat\/\" class=\"more-link\"><span class=\"screen-reader-text\">\u201eDer Schulrat\u201c <\/span>weiterlesen<\/a><\/p>\n","protected":false},"author":2,"featured_media":0,"parent":0,"menu_order":0,"comment_status":"closed","ping_status":"closed","template":"","meta":{"pagelayer_contact_templates":[],"_pagelayer_content":"","footnotes":""},"class_list":["post-220","page","type-page","status-publish","hentry"],"_links":{"self":[{"href":"https:\/\/seksissach.ch\/v4\/wp-json\/wp\/v2\/pages\/220","targetHints":{"allow":["GET"]}}],"collection":[{"href":"https:\/\/seksissach.ch\/v4\/wp-json\/wp\/v2\/pages"}],"about":[{"href":"https:\/\/seksissach.ch\/v4\/wp-json\/wp\/v2\/types\/page"}],"author":[{"embeddable":true,"href":"https:\/\/seksissach.ch\/v4\/wp-json\/wp\/v2\/users\/2"}],"replies":[{"embeddable":true,"href":"https:\/\/seksissach.ch\/v4\/wp-json\/wp\/v2\/comments?post=220"}],"version-history":[{"count":30,"href":"https:\/\/seksissach.ch\/v4\/wp-json\/wp\/v2\/pages\/220\/revisions"}],"predecessor-version":[{"id":2351,"href":"https:\/\/seksissach.ch\/v4\/wp-json\/wp\/v2\/pages\/220\/revisions\/2351"}],"wp:attachment":[{"href":"https:\/\/seksissach.ch\/v4\/wp-json\/wp\/v2\/media?parent=220"}],"curies":[{"name":"wp","href":"https:\/\/api.w.org\/{rel}","templated":true}]}}