{"id":1718,"date":"2021-12-03T10:11:35","date_gmt":"2021-12-03T09:11:35","guid":{"rendered":"https:\/\/seksissach.ch\/v4\/?page_id=1594"},"modified":"2021-12-07T08:20:39","modified_gmt":"2021-12-07T07:20:39","slug":"ablauf-des-depoolings-breites-testen-ab-6-dezember-2021","status":"publish","type":"page","link":"https:\/\/seksissach.ch\/v4\/ablauf-des-depoolings-breites-testen-ab-6-dezember-2021\/","title":{"rendered":"Ablauf des Depoolings &#8222;Breites Testen&#8220; ab 6. Dezember 2021."},"content":{"rendered":"\n<p>Das Resultat des Pools, in dem sich Ihre Einzelprobe (oder die Ihres Kindes) befunden hat, ist positiv ausgefallen. Zur sogenannten \u00abPoolaufl\u00f6sung\u00bb erfolgt heute deshalb ein Einzeltest auf COVID-19 mittels PCR (kein Antigenschnelltest). Dieser Test ist obligatorisch und muss in der Abkl\u00e4rungs-und Teststation Feldreben oder in einer der Aussenstationen erfolgen. Dieser Test kann als klassischer Abstrich erfolgen oder durch eine Spuckprobe (Saliva).<\/p>\n\n\n\n<p class=\"has-background\" style=\"background-color:#fff000\"><strong><span class=\"has-inline-color has-black-color\">Ab Montag, 6. Dezember 2021, sind keine Depooling-Termine ohne vorg\u00e4ngige Online-Registrierung mehr m\u00f6glich.<\/span><\/strong><\/p>\n\n\n\n<p>Neu registrieren sich <strong>alle <\/strong>Personen mit einem positiven Poolresultat auf der Website des Breiten Testen Baselland (<a href=\"https:\/\/www.baselland.ch\/politik-und-behorden\/direktionen\/volkswirtschafts-und-gesundheitsdirektion\/amt-fur-gesundheit\/medizinische-dienste\/kantonsarztlicher-dienst\/aktuelles\/massentest\/depooling-stellen\">Registration Depooling<\/a>) direkt f\u00fcr einen Depooling-Testtermin an einem der Depooling-Teststandorte. Diese Registrierung ist f\u00fcr alle Depooling-Tests notwendig und hat den Vorteil, dass dadurch die bisherige Registrierung vor Ort entf\u00e4llt und sich die Wartezeiten verk\u00fcrzen. <\/p>\n\n\n\n<p class=\"has-background\" style=\"background-color:#ebeef1\"><strong>Infoseite Depooling, mit allen aktuellen Informationen:<\/strong><br><a href=\"https:\/\/www.baselland.ch\/politik-und-behorden\/direktionen\/volkswirtschafts-und-gesundheitsdirektion\/amt-fur-gesundheit\/medizinische-dienste\/kantonsarztlicher-dienst\/aktuelles\/massentest\/depooling-stellen\">Depooling-Stellen \u2014 baselland.ch<\/a><br><strong>Registration und Terminbuchung bei der Teststation Sissach:<\/strong><br><a href=\"https:\/\/www.coronatest-bl.c19t.ch\/sissach-depooling-bl\/\">direkt zur Buchung<\/a><br><strong>Registration und Terminbuchung bei der Teststation Muttenz:<\/strong><br><a href=\"https:\/\/www.coronatest-bl.c19t.ch\/\">direkt zur Buchung<\/a><\/p>\n\n\n\n<ul class=\"wp-block-list\"><li>Bitte registrieren Sie Ihr Kind <a href=\"https:\/\/www.baselland.ch\/politik-und-behorden\/direktionen\/volkswirtschafts-und-gesundheitsdirektion\/amt-fur-gesundheit\/medizinische-dienste\/kantonsarztlicher-dienst\/aktuelles\/massentest\/depooling-stellen\" target=\"_blank\" rel=\"noreferrer noopener\">hier<\/a> f\u00fcr das Depooling. Wenn sich Ihr Kind in einem positiven Pool befindet, k\u00f6nnen Sie und weitere Familienmitglieder (Eltern, Geschwister ab Kindergartenalter, weitere Mitglieder des Haushalts) sich anl\u00e4sslich des Depooling zusammen mit Ihrem Kind ebenfalls in den oben genannten Teststationen testen lassen. Dies ist f\u00fcr Sie kostenlos. <strong><span class=\"has-inline-color has-black-color\">Achtung: F\u00fcr jede teilnehmende Person muss eine separate <a href=\"https:\/\/www.baselland.ch\/politik-und-behorden\/direktionen\/volkswirtschafts-und-gesundheitsdirektion\/amt-fur-gesundheit\/medizinische-dienste\/kantonsarztlicher-dienst\/aktuelles\/massentest\/depooling-stellen\" target=\"_blank\" rel=\"noreferrer noopener\">Registration <\/a>im Voraus online gemacht werden.<\/span><\/strong><\/li><li><strong>F\u00fcr eine Spuckprobe darf bis eine Stunde vor der Probenabgabe nicht gegessen\/getrunken, geraucht, Kaugummi gekaut und Z\u00e4hne geputzt werden.<\/strong><\/li><li>Nehmen Sie Ihr Handy und die Krankenkassenkarten der betroffenen Personen mit. <\/li><li>Bitte melden Sie das Testergebnis Ihres Kindes nach Erhalt der Klassenlehrperson oder der Schulleitung.<\/li><li>Die Kosten werden vom Bund \u00fcbernommen. Sie erhalten keine Rechnung.<\/li><li>Die Aussenstation f\u00fcr das Depooling ist gut ausgeschildert in Sissach zu finden. ACHTUNG: Sie ist nur am Dienstag und Freitag zwischen 16 und 20 Uhr ge\u00f6ffnet. Ausserhalb dieser Zeiten erfolgt das Depooling auf jeden Fall in Muttenz in der Teststation Feldreben (Link: <a href=\"https:\/\/www.coronatest-bl.ch\/index.html\">Abkl\u00e4rungs- und Teststation Feldreben, Muttenz<\/a> )<\/li><\/ul>\n\n\n\n<p>So finden Sie die Teststation Sissach: <\/p>\n\n\n\n<p><strong>Teststation Sissach<\/strong><br>Kindergarten Gottesackerweg 3<br>4450 Sissach<\/p>\n\n\n\n<p><strong>\u00d6ffnungszeiten<\/strong><br>Dienstag&nbsp;<strong>und<\/strong>&nbsp;Freitag&nbsp;<br>16.00-20.00 Uhr<\/p>\n\n\n\n<p><a href=\"https:\/\/seksissach.ch\/v4\/wp-content\/uploads\/2021\/08\/2021-04-09_Kommunikation-an-Eltern_KAZ-final-1.pdf\" target=\"_blank\" rel=\"noreferrer noopener\">Weitere Informationen<\/a><\/p>\n\n\n\n\n\n<p><\/p>\n","protected":false},"excerpt":{"rendered":"<p>Das Resultat des Pools, in dem sich Ihre Einzelprobe (oder die Ihres Kindes) befunden hat, ist positiv ausgefallen. Zur sogenannten \u00abPoolaufl\u00f6sung\u00bb erfolgt heute deshalb ein Einzeltest auf COVID-19 mittels PCR (kein Antigenschnelltest). Dieser Test ist obligatorisch und muss in der Abkl\u00e4rungs-und Teststation Feldreben oder in einer der Aussenstationen erfolgen. Dieser Test kann als klassischer Abstrich &hellip; <\/p>\n<p class=\"link-more\"><a href=\"https:\/\/seksissach.ch\/v4\/ablauf-des-depoolings-breites-testen-ab-6-dezember-2021\/\" class=\"more-link\"><span class=\"screen-reader-text\">\u201eAblauf des Depoolings &#8222;Breites Testen&#8220; ab 6. Dezember 2021.\u201c <\/span>weiterlesen<\/a><\/p>\n","protected":false},"author":2,"featured_media":287,"parent":0,"menu_order":0,"comment_status":"closed","ping_status":"closed","template":"","meta":{"pagelayer_contact_templates":[],"_pagelayer_content":"","footnotes":""},"class_list":["post-1718","page","type-page","status-publish","has-post-thumbnail","hentry"],"_links":{"self":[{"href":"https:\/\/seksissach.ch\/v4\/wp-json\/wp\/v2\/pages\/1718","targetHints":{"allow":["GET"]}}],"collection":[{"href":"https:\/\/seksissach.ch\/v4\/wp-json\/wp\/v2\/pages"}],"about":[{"href":"https:\/\/seksissach.ch\/v4\/wp-json\/wp\/v2\/types\/page"}],"author":[{"embeddable":true,"href":"https:\/\/seksissach.ch\/v4\/wp-json\/wp\/v2\/users\/2"}],"replies":[{"embeddable":true,"href":"https:\/\/seksissach.ch\/v4\/wp-json\/wp\/v2\/comments?post=1718"}],"version-history":[{"count":7,"href":"https:\/\/seksissach.ch\/v4\/wp-json\/wp\/v2\/pages\/1718\/revisions"}],"predecessor-version":[{"id":1741,"href":"https:\/\/seksissach.ch\/v4\/wp-json\/wp\/v2\/pages\/1718\/revisions\/1741"}],"wp:featuredmedia":[{"embeddable":true,"href":"https:\/\/seksissach.ch\/v4\/wp-json\/wp\/v2\/media\/287"}],"wp:attachment":[{"href":"https:\/\/seksissach.ch\/v4\/wp-json\/wp\/v2\/media?parent=1718"}],"curies":[{"name":"wp","href":"https:\/\/api.w.org\/{rel}","templated":true}]}}