{"id":1217,"date":"2020-11-19T10:43:57","date_gmt":"2020-11-19T09:43:57","guid":{"rendered":"https:\/\/seksissach.ch\/v4\/?page_id=1217"},"modified":"2020-11-19T10:43:58","modified_gmt":"2020-11-19T09:43:58","slug":"nuetzliche-webseiten-fuer-das-fach-geschichte","status":"publish","type":"page","link":"https:\/\/seksissach.ch\/v4\/nuetzliche-webseiten-fuer-das-fach-geschichte\/","title":{"rendered":"N\u00fctzliche Webseiten f\u00fcr das Fach Geschichte"},"content":{"rendered":"\n<p>Hier findest du n\u00fctzliche Links, welche dir im Fach Geschichte helfen:<\/p>\n\n\n\n<!-- Library Settings Info:Array\n(\n    [num_columns] => 1\n    [showdescription] => 1\n    [shownotes] => \n    [beforenote] => <td>\n    [afternote] => <\/td>\n    [beforeitem] => <tr>\n    [afteritem] => <\/tr>\n    [beforedesc] => <td>\n    [afterdesc] => <\/td>\n    [displayastable] => true\n    [beforelink] => <td>\n    [afterlink] => <\/td>\n    [showcolumnheaders] => 1\n    [beforerss] => <td>\n    [afterrss] => <\/td>\n    [beforedate] => <td>\n    [afterdate] => <\/td>\n    [beforeimage] => <td>\n    [afterimage] => <\/td>\n    [beforeweblink] => <td>\n    [afterweblink] => <\/td>\n    [beforetelephone] => <td>\n    [aftertelephone] => <\/td>\n    [beforeemail] => <td>\n    [afteremail] => <\/td>\n    [beforelinkhits] => <td>\n    [afterlinkhits] => <\/td>\n    [columnheaderoverride] => Link, Beschreibung, Besuche\n    [order] => name\n    [hide_if_empty] => 1\n    [table_width] => 100\n    [catanchor] => \n    [flatlist] => table\n    [categorylist_cpt] => 38\n    [excludecategorylist_cpt] => \n    [showrating] => \n    [showupdated] => \n    [show_images] => \n    [use_html_tags] => \n    [show_rss] => \n    [nofollow] => \n    [catlistwrappers] => 1\n    [beforecatlist1] => \n    [beforecatlist2] => \n    [beforecatlist3] => \n    [divorheader] => \n    [catnameoutput] => linklistcatname\n    [show_rss_icon] => \n    [linkaddfrequency] => 0\n    [addbeforelink] => \n    [addafterlink] => \n    [linktarget] => \n    [showcategorydescheaders] => \n    [showcategorydesclinks] => \n    [settingssetname] => Default\n    [showadmineditlinks] => 1\n    [showonecatonly] => 1\n    [loadingicon] => \/icons\/Ajax-loader.gif\n    [defaultsinglecat_cpt] => \n    [rsspreview] => \n    [rsspreviewcount] => 3\n    [rssfeedinline] => \n    [rssfeedinlinecontent] => \n    [rssfeedinlinecount] => 1\n    [rssfeedinlinedayspublished] => 0\n    [rssfeedinlineskipempty] => \n    [direction] => ASC\n    [linkdirection] => DESC\n    [linkorder] => hits\n    [pagination] => \n    [linksperpage] => 1000\n    [hidecategorynames] => \n    [showinvisible] => \n    [showinvisibleadmin] => \n    [showdate] => \n    [catdescpos] => left\n    [catlistdescpos] => right\n    [showuserlinks] => \n    [addnewlinkmsg] => Add new link\n    [linknamelabel] => Link name\n    [linkaddrlabel] => Link address\n    [linkrsslabel] => Link RSS\n    [linkcatlabel] => Link Category\n    [linkdesclabel] => Link Description\n    [linknoteslabel] => Link Notes\n    [addlinkbtnlabel] => Add Link\n    [newlinkmsg] => New link submitted.\n    [moderatemsg] => It will appear in the list once moderated. Thank you.\n    [rsspreviewwidth] => 900\n    [rsspreviewheight] => 700\n    [imagepos] => beforename\n    [imageclass] => \n    [emailnewlink] => \n    [emailsubmitter] => \n    [showaddlinkrss] => hide\n    [showaddlinkdesc] => hide\n    [showaddlinkcat] => hide\n    [showaddlinknotes] => hide\n    [usethumbshotsforimages] => \n    [uselocalimagesoverthumbshots] => \n    [addlinkreqlogin] => \n    [showcatlinkcount] => \n    [publishrssfeed] => \n    [numberofrssitems] => 10\n    [rssfeedtitle] => Link Library-Generated RSS Feed\n    [rssfeeddescription] => Description of Link Library-Generated Feed\n    [showonecatmode] => HTMLGETPERM\n    [paginationposition] => AFTER\n    [addlinkcustomcat] => hide\n    [linkcustomcatlabel] => User-submitted category\n    [linkcustomcatlistentry] => User-submitted category (define below)\n    [searchlabel] => Search\n    [dragndroporder] => 2,4,10,1,3,5,6,7,8,9,11,12,13,14,15,16,17,23\n    [showname] => 1\n    [cattargetaddress] => \n    [displayweblink] => false\n    [sourceweblink] => primary\n    [showtelephone] => false\n    [sourcetelephone] => primary\n    [showemail] => false\n    [showlinkhits] => 1\n    [weblinklabel] => \n    [telephonelabel] => \n    [emaillabel] => \n    [showaddlinkreciprocal] => hide\n    [linkreciprocallabel] => Reciprocal Link\n    [showaddlinksecondurl] => hide\n    [linksecondurllabel] => Secondary Address\n    [showaddlinktelephone] => hide\n    [linktelephonelabel] => Telephone\n    [showaddlinkemail] => hide\n    [linkemaillabel] => E-mail\n    [emailcommand] => \n    [sourceimage] => primary\n    [sourcename] => primary\n    [tooltipname] => no_tooltip\n    [enablerewrite] => 1\n    [rewritepage] => weblinks\n    [storelinksubmitter] => \n    [maxlinks] => \n    [showcaptcha] => \n    [beforelinkrating] => <td>\n    [afterlinkrating] => <\/td>\n    [linksubmitternamelabel] => Submitter Name\n    [showlinksubmittername] => hide\n    [linksubmitteremaillabel] => Submitter E-mail\n    [showaddlinksubmitteremail] => hide\n    [linksubmittercommentlabel] => Submitter Comment\n    [showlinksubmittercomment] => hide\n    [addlinkcatlistoverride] => \n    [showlargedescription] => \n    [beforelargedescription] => <td>\n    [afterlargedescription] => <\/td>\n    [showcustomcaptcha] => hide\n    [customcaptchaquestion] => Is boiling water hot or cold?\n    [customcaptchaanswer] => hot\n    [rssfeedaddress] => \n    [addlinknoaddress] => \n    [featuredfirst] => \n    [showlinksonclick] => \n    [linklargedesclabel] => Large Description\n    [showuserlargedescription] => hide\n    [usetextareaforusersubmitnotes] => \n    [showcatonsearchresults] => \n    [shownameifnoimage] => \n    [searchresultsaddress] => \n    [enable_link_popup] => \n    [link_popup_text] => %link_image%<br \/>Click through to visit %link_name%.\n    [popup_width] => 300\n    [popup_height] => 400\n    [nocatonstartup] => 1\n    [linktitlecontent] => linkname\n    [singlelinkid] => \n    [combineresults] => \n    [showifreciprocalvalid] => \n    [cat_letter_filter] => no\n    [cat_letter_filter_autoselect] => 1\n    [cat_letter_filter_showalloption] => 1\n    [beforefirstlink] => \n    [afterlastlink] => \n    [searchfieldtext] => Search...\n    [searchnoresultstext] => No links found matching your search criteria\n    [catfilterlabel] => Category Filter\n    [addlinkdefaultcat] => nodefaultcat\n    [addlinkakismet] => \n    [current_user_links] => \n    [showsubmittername] => \n    [beforesubmittername] => <td>\n    [aftersubmittername] => <\/td>\n    [onereciprocaldomain] => \n    [nooutputempty] => \n    [showcatdesc] => \n    [beforecatdesc] => <td>\n    [aftercatdesc] => <\/td>\n    [emailextracontent] => \n    [showparentcatname] => \n    [showparentcatdesc] => \n    [hidechildcatlinks] => \n    [childcatdepthlimit] => 0\n    [hidechildcattop] => \n    [catlinkspermalinksmode] => 1\n    [toppagetext] => \n    [showbreadcrumbspermalinks] => \n    [showlinktags] => \n    [beforelinktags] => <td>\n    [afterlinktags] => <\/td>\n    [showlinkprice] => \n    [beforelinkprice] => <td>\n    [afterlinkprice] => <\/td>\n    [linkcurrency] => $\n    [linkcurrencyplacement] => before\n    [show0asfree] => 1\n    [allowcolumnsorting] => \n    [extraquerystring] => \n    [updatedlabel] => New\n    [showupdatedpos] => before\n    [showsearchreset] => 1\n    [weblinktarget] => \n    [linktagslabel] => Link Tags\n    [showaddlinktags] => hide\n    [addlinktaglistoverride] => \n    [linkcustomtaglabel] => User-submitted tags\n    [addlinkcustomtag] => hide\n    [linkcustomtaglistentry] => User-submitted tag (define below)\n    [showscheduledlinks] => \n    [maxlinkspercat] => \n    [suppressnoreferrer] => \n    [linkaddrdefvalue] => https:\/\/\n    [userlinkcatselectionlabel] => Select a category\n    [dropdownselectionprompt] => \n    [dropdownselectionprompttext] => Select a category\n    [showcatname] => \n    [beforecatname] => <td>\n    [aftercatname] => <\/td>\n    [onelinkperdomain] => \n    [showupdatedtooltip] => 1\n    [linkimagelabel] => Link Image (jpg, jpeg, png)\n    [showaddlinkimage] => hide\n    [datesource] => linkupdated\n    [taglist_cpt] => \n    [excludetaglist_cpt] => \n    [taglinks] => inactive\n    [catlistchildcatdepthlimit] => \n    [linknametooltip] => \n    [linkaddrtooltip] => \n    [linkrsstooltip] => \n    [linkcattooltip] => \n    [linkusercattooltip] => \n    [linktagtooltip] => \n    [linkusertagtooltip] => \n    [linkdesctooltip] => \n    [linknotestooltip] => \n    [linkimagetooltip] => \n    [linkreciptooltip] => \n    [linksecondtooltip] => \n    [linktelephonetooltip] => \n    [linkemailtooltip] => \n    [submitternametooltip] => \n    [submitteremailtooltip] => \n    [submittercommenttooltip] => \n    [largedesctooltip] => \n    [linkfilelabel] => Link File\n    [linkfiletooltip] => \n    [showaddlinkfile] => hide\n    [linkfileallowedtypes] => pdf,zip\n    [displaycustomurl1] => false\n    [displaycustomurl2] => false\n    [displaycustomurl3] => false\n    [displaycustomurl4] => false\n    [displaycustomurl5] => false\n    [beforecustomurl1] => \n    [beforecustomurl2] => \n    [beforecustomurl3] => \n    [beforecustomurl4] => \n    [beforecustomurl5] => \n    [aftercustomurl1] => \n    [aftercustomurl2] => \n    [aftercustomurl3] => \n    [aftercustomurl4] => \n    [aftercustomurl5] => \n    [labelcustomurl1] => \n    [labelcustomurl2] => \n    [labelcustomurl3] => \n    [labelcustomurl4] => \n    [labelcustomurl5] => \n    [customurl1target] => \n    [customurl2target] => \n    [customurl3target] => \n    [customurl4target] => \n    [customurl5target] => \n    [searchtextinsearchbox] => 1\n    [showuservotes] => \n    [beforeuservotes] => \n    [afteruservotes] => \n    [membersonlylinkvotes] => \n    [uservotelikelabel] => Like\n    [searchfiltercats] => 1\n    [displaycustomtext1] => false\n    [displaycustomtext2] => false\n    [displaycustomtext3] => false\n    [displaycustomtext4] => false\n    [displaycustomtext5] => false\n    [beforecustomtext1] => \n    [beforecustomtext2] => \n    [beforecustomtext3] => \n    [beforecustomtext4] => \n    [beforecustomtext5] => \n    [aftercustomtext1] => \n    [aftercustomtext2] => \n    [aftercustomtext3] => \n    [aftercustomtext4] => \n    [aftercustomtext5] => \n    [displaycustomlist1] => false\n    [displaycustomlist2] => false\n    [displaycustomlist3] => false\n    [displaycustomlist4] => false\n    [displaycustomlist5] => false\n    [beforecustomlist1] => \n    [beforecustomlist2] => \n    [beforecustomlist3] => \n    [beforecustomlist4] => \n    [beforecustomlist5] => \n    [aftercustomlist1] => \n    [aftercustomlist2] => \n    [aftercustomlist3] => \n    [aftercustomlist4] => \n    [aftercustomlist5] => \n    [lazyloadimages] => \n    [emailhidepluginmessage] => \n    [suppress_image_if_empty] => \n    [suppress_link_date_if_empty] => \n    [suppress_link_desc_if_empty] => \n    [suppress_link_notes_if_empty] => \n    [suppress_rss_icon_if_empty] => \n    [suppress_tel_if_empty] => \n    [suppress_email_if_empty] => \n    [suppress_rating_if_empty] => \n    [suppress_large_desc_if_empty] => \n    [suppress_submitter_if_empty] => \n    [suppress_cat_desc_if_empty] => \n    [suppress_link_tags_if_empty] => \n    [suppress_link_price_if_empty] => \n    [suppress_cat_name_if_empty] => \n    [suppress_custom_url_1_if_empty] => \n    [suppress_custom_url_2_if_empty] => \n    [suppress_custom_url_3_if_empty] => \n    [suppress_custom_url_4_if_empty] => \n    [suppress_custom_url_5_if_empty] => \n    [suppress_custom_text_1_if_empty] => \n    [suppress_custom_text_2_if_empty] => \n    [suppress_custom_text_3_if_empty] => \n    [suppress_custom_text_4_if_empty] => \n    [suppress_custom_text_5_if_empty] => \n    [suppress_custom_list_1_if_empty] => \n    [suppress_custom_list_2_if_empty] => \n    [suppress_custom_list_3_if_empty] => \n    [suppress_custom_list_4_if_empty] => \n    [suppress_custom_list_5_if_empty] => \n    [catnameformat] => currentcatname\n    [catnamelink] => 1\n    [categoryseparator] =>  | \n    [customqueryarg] => \n    [customqueryargvalue] => \n    [usersubmissiondragndroporder] => 1,2,3,4,5,6,7,8,9,10,11,12,13,14,15,16,17,18,19,20,21,22,23,24,25,26,27,28,29,30,31,32,33\n    [showlinkreferencelist] => hide\n    [linkreferencelabel] => Linkreferenz\n    [linkreferencetooltip] => \n    [showcustomurl1] => hide\n    [showcustomurl2] => hide\n    [showcustomurl3] => hide\n    [showcustomurl4] => hide\n    [showcustomurl5] => hide\n    [customurl1tooltip] => \n    [customurl2tooltip] => \n    [customurl3tooltip] => \n    [customurl4tooltip] => \n    [customurl5tooltip] => \n    [showcustomtext1] => hide\n    [showcustomtext2] => hide\n    [showcustomtext3] => hide\n    [showcustomtext4] => hide\n    [showcustomtext5] => hide\n    [customtext1tooltip] => \n    [customtext2tooltip] => \n    [customtext3tooltip] => \n    [customtext4tooltip] => \n    [customtext5tooltip] => \n    [showcustomlist1] => hide\n    [showcustomlist2] => hide\n    [showcustomlist3] => hide\n    [showcustomlist4] => hide\n    [showcustomlist5] => hide\n    [customlist1tooltip] => \n    [customlist2tooltip] => \n    [customlist3tooltip] => \n    [customlist4tooltip] => \n    [customlist5tooltip] => \n    [stylesheet] => \n    [rss_item_date_source] => updated_date\n    [hideemptycats] => \n    [rsslibraryitemspersite] => 10\n    [rsslibrarymaxwordsitem] => 30\n    [rsslibrarypagination] => 1\n    [rsslibrarypaginationnb] => 10\n    [rsslibrarytemplate] => <div class=\"rss_library_item\">\n\t<div class=\"rss-library-title\">[rss_item_title]<\/div>\n\t<div class=\"rss-library-source\"><span class=\"rss-library-site\">[link_title]<\/span><span class=\"rss-library-date\">[rss_item_date] - [rss_item_time]<\/span><\/div>\n\t<div class=\"rss-library-content\">[rss_item_content]<\/div>\n<\/div>\n    [showupdatedonly] => \n    [updateddays] => 7\n    [searchfromallcats] => \n    [suppressonemptysearch] => \n    [addlinkformdisplaymode] => inline\n    [popupbuttonlabel] => Einen neuen Link einreichen\n    [suppresslinksdiv] => \n    [urltextfilter] => \n    [AJAXcatid] => \n    [AJAXpageid] => \n)\n-->\n\n<!-- Start Time: 1776432373.6271-->\n<!-- Beginning of Link Library Output --><div id='linklist1' class='linklist'><!-- Div Linklist -->\n\n<!-- Link Query: Array\n(\n    [post_type] => link_library_links\n    [posts_per_page] => -1\n    [tax_query] => Array\n        (\n            [0] => Array\n                (\n                    [taxonomy] => link_library_category\n                    [field] => term_id\n                    [terms] => 38\n                    [include_children] => \n                )\n\n        )\n\n    [post_status] => Array\n        (\n            [0] => publish\n        )\n\n    [meta_query] => Array\n        (\n            [link_visits_clause] => Array\n                (\n                    [key] => link_visits\n                    [type] => numeric\n                )\n\n        )\n\n    [orderby] => Array\n        (\n            [link_visits_clause] => DESC\n        )\n\n)\n-->\n\n\n<!-- Link Query Execution Time: 0.0018980503082275-->\n\n<!-- showonecatmode: 1, AJAXnocatset: , nocatonstartup: 1--><div class=\"LinkLibraryCat LinkLibraryCat38 level0\"><!-- Div Category --><div class=\"linklistcatname\"><!-- Div Cat Name --><span class=\"linklistcatclass\">Geschichte<\/span><\/div><!-- DivOrHeader -->\n\t<table class='linklisttable'>\n<div class=\"linklisttableheaders\"><tr><th><div class=\"linklistcolumnheader\">Link<\/div><\/th><th><div class=\"linklistcolumnheader\"> Beschreibung<\/div><\/th><th><div class=\"linklistcolumnheader\"> Besuche<\/div><\/th><\/tr><\/div>\n<tr><td><a href=\"https:\/\/www.lernhelfer.de\/\" id=\"link-1486\" class=\"track_this_link \" rel=\"noopener noreferrer\" target=\"_blank\">Lernhelfer<\/a>\n<!-- Time to render name section of link id 1486: 9.0599060058594E-6 --> \n<\/td>\n<td>\u00dcber 7&#039;500 Seiten mit Infos zu allen m\u00f6glichen F\u00e4chern und Themen.\n<!-- Time to render description section of link id 1486: 0 --> \n<\/td>\n<td>496\n<!-- Time to render link hits section of link id 1486: 9.5367431640625E-7 --> \n<\/td><\/tr>\n<!-- Time to render link id 1486: 0.00041890144348145 --> \n<tr><td><a href=\"https:\/\/essentials.swissdox.ch\/\" id=\"link-1216\" class=\"track_this_link \" rel=\"noopener noreferrer\" target=\"_blank\">Swissdox<\/a>\n<!-- Time to render name section of link id 1216: 4.0531158447266E-6 --> \n<\/td>\n<td>Riesiges Onlinearchiv, welches eine Zeitreise erm\u00f6glicht. WICHTIG: Die Seite funktioniert nur im WLAN der Schule.\n<!-- Time to render description section of link id 1216: 0 --> \n<\/td>\n<td>126\n<!-- Time to render link hits section of link id 1216: 1.1920928955078E-6 --> \n<\/td><\/tr>\n<!-- Time to render link id 1216: 0.00029993057250977 --> \n<tr><td><a href=\"https:\/\/www.memobase.ch\" id=\"link-1493\" class=\"track_this_link \" rel=\"noopener noreferrer\" target=\"_blank\">Memobase &#8211; audiovisuelles Erbe der Schweiz<\/a>\n<!-- Time to render name section of link id 1493: 4.0531158447266E-6 --> \n<\/td>\n<td>Ein Portal zum audiovisuellen Erbe der Schweiz. Sicher sehr hilfreich f\u00fcr den Geschichtsunterricht und diverse Projektarbeiten.\n<!-- Time to render description section of link id 1493: 0 --> \n<\/td>\n<td>27\n<!-- Time to render link hits section of link id 1493: 0 --> \n<\/td><\/tr>\n<!-- Time to render link id 1493: 0.0003359317779541 --> \n\t<\/table>\n<\/div><!-- Div End Category -->\n<script type='text\/javascript'>\njQuery(document).ready(function()\n{\njQuery('.arrow-up').hide();\njQuery('#linklist1 a.track_this_link').click(function() {\nlinkid = this.id;\nlinkid = linkid.substring(5);\npath = '';\njQuery.ajax( {    type: 'POST',    url: 'https:\/\/seksissach.ch\/v4\/wp-admin\/admin-ajax.php',     data: { action: 'link_library_tracker',             _ajax_nonce: 'aa48fa101a',             id:linkid, xpath:path }     });\nreturn true;\n});\njQuery('#linklist1 .expandlinks').click(function() {\ntarget = '.' + jQuery(this).attr('id');\nsubcattarget = '.' + jQuery(this).attr('data-subcat');\nif ( jQuery( target ).is(':visible') ) {\njQuery(target).slideUp();\njQuery(subcattarget).slideToggle();\njQuery(this).children('img').attr('src', 'https:\/\/seksissach.ch\/v4\/wp-content\/plugins\/link-library\/icons\/expand-32.png');\n} else {\njQuery(target).slideDown();\njQuery(subcattarget).slideToggle();\njQuery(this).children('img').attr('src', 'https:\/\/seksissach.ch\/v4\/wp-content\/plugins\/link-library\/icons\/collapse-32.png');\n}\n});\njQuery('#linklist1 .linklistcatclass').click(function() {\njQuery(this).siblings('.expandlinks').click();\n});\njQuery('#linklist1 .linklistcatnamedesc').click(function() {\njQuery(this).siblings('.expandlinks').click();\n});\n});\n<\/script>\n<\/div><!-- Div Linklist -->\n<!-- End of Link Library Output -->\n\n\n<!-- [link-library] shortcode execution time: 0.0094079971313477-->\n\n","protected":false},"excerpt":{"rendered":"<p>Hier findest du n\u00fctzliche Links, welche dir im Fach Geschichte helfen:<\/p>\n","protected":false},"author":2,"featured_media":0,"parent":0,"menu_order":0,"comment_status":"closed","ping_status":"closed","template":"","meta":{"pagelayer_contact_templates":[],"_pagelayer_content":"","footnotes":""},"class_list":["post-1217","page","type-page","status-publish","hentry"],"_links":{"self":[{"href":"https:\/\/seksissach.ch\/v4\/wp-json\/wp\/v2\/pages\/1217","targetHints":{"allow":["GET"]}}],"collection":[{"href":"https:\/\/seksissach.ch\/v4\/wp-json\/wp\/v2\/pages"}],"about":[{"href":"https:\/\/seksissach.ch\/v4\/wp-json\/wp\/v2\/types\/page"}],"author":[{"embeddable":true,"href":"https:\/\/seksissach.ch\/v4\/wp-json\/wp\/v2\/users\/2"}],"replies":[{"embeddable":true,"href":"https:\/\/seksissach.ch\/v4\/wp-json\/wp\/v2\/comments?post=1217"}],"version-history":[{"count":1,"href":"https:\/\/seksissach.ch\/v4\/wp-json\/wp\/v2\/pages\/1217\/revisions"}],"predecessor-version":[{"id":1218,"href":"https:\/\/seksissach.ch\/v4\/wp-json\/wp\/v2\/pages\/1217\/revisions\/1218"}],"wp:attachment":[{"href":"https:\/\/seksissach.ch\/v4\/wp-json\/wp\/v2\/media?parent=1217"}],"curies":[{"name":"wp","href":"https:\/\/api.w.org\/{rel}","templated":true}]}}