{"id":109,"date":"2020-08-14T06:24:47","date_gmt":"2020-08-14T06:24:47","guid":{"rendered":"https:\/\/seksissach.ch\/v4\/?page_id=109"},"modified":"2022-11-22T23:59:03","modified_gmt":"2022-11-22T22:59:03","slug":"sekretariat","status":"publish","type":"page","link":"https:\/\/seksissach.ch\/v4\/sekretariat\/","title":{"rendered":"Sekretariat"},"content":{"rendered":"\n<p><strong>\u00d6ffnungszeiten<\/strong><br>Montag bis Freitag 08.00-12.00 Uhr<\/p>\n\n\n\n<p><strong>\u00d6ffnungszeiten w\u00e4hrend der Schulferien<\/strong><br>In den Ferien ist unser Sekretariat gem\u00e4ss den Angaben auf der Startseite der Homepage ge\u00f6ffnet. Wir empfehlen Ihnen, die zu kontaktierende Person per Mail zu erreichen.&nbsp;<\/p>\n\n\n\n<p><strong>Kontakt:<\/strong><\/p>\n\n\n\n<figure class=\"wp-block-table\"><table><tbody><tr><td>Email<\/td><td><a href=\"mailto:sekundarschule.sissach@sbl.ch\">sekundarschule.sissach@sbl.ch<\/a><\/td><\/tr><tr><td>Telefon<\/td><td>061 552 03 80<\/td><\/tr><\/tbody><\/table><\/figure>\n\n\n\n<p><strong>Unser Sekretariats-Team<\/strong>:<br>Silke Klose, Sandra Baumgartner<\/p>\n\n\n\n<p style=\"font-size:9px\">Titelbild: pixabay.com<\/p>\n","protected":false},"excerpt":{"rendered":"<p>\u00d6ffnungszeitenMontag bis Freitag 08.00-12.00 Uhr \u00d6ffnungszeiten w\u00e4hrend der SchulferienIn den Ferien ist unser Sekretariat gem\u00e4ss den Angaben auf der Startseite der Homepage ge\u00f6ffnet. Wir empfehlen Ihnen, die zu kontaktierende Person per Mail zu erreichen.&nbsp; Kontakt: Email sekundarschule.sissach@sbl.ch Telefon 061 552 03 80 Unser Sekretariats-Team:Silke Klose, Sandra Baumgartner Titelbild: pixabay.com<\/p>\n","protected":false},"author":2,"featured_media":235,"parent":0,"menu_order":0,"comment_status":"closed","ping_status":"closed","template":"","meta":{"pagelayer_contact_templates":[],"_pagelayer_content":"","footnotes":""},"class_list":["post-109","page","type-page","status-publish","has-post-thumbnail","hentry"],"_links":{"self":[{"href":"https:\/\/seksissach.ch\/v4\/wp-json\/wp\/v2\/pages\/109","targetHints":{"allow":["GET"]}}],"collection":[{"href":"https:\/\/seksissach.ch\/v4\/wp-json\/wp\/v2\/pages"}],"about":[{"href":"https:\/\/seksissach.ch\/v4\/wp-json\/wp\/v2\/types\/page"}],"author":[{"embeddable":true,"href":"https:\/\/seksissach.ch\/v4\/wp-json\/wp\/v2\/users\/2"}],"replies":[{"embeddable":true,"href":"https:\/\/seksissach.ch\/v4\/wp-json\/wp\/v2\/comments?post=109"}],"version-history":[{"count":5,"href":"https:\/\/seksissach.ch\/v4\/wp-json\/wp\/v2\/pages\/109\/revisions"}],"predecessor-version":[{"id":1977,"href":"https:\/\/seksissach.ch\/v4\/wp-json\/wp\/v2\/pages\/109\/revisions\/1977"}],"wp:featuredmedia":[{"embeddable":true,"href":"https:\/\/seksissach.ch\/v4\/wp-json\/wp\/v2\/media\/235"}],"wp:attachment":[{"href":"https:\/\/seksissach.ch\/v4\/wp-json\/wp\/v2\/media?parent=109"}],"curies":[{"name":"wp","href":"https:\/\/api.w.org\/{rel}","templated":true}]}}